{"id":102,"date":"2022-07-11T01:59:19","date_gmt":"2022-07-10T23:59:19","guid":{"rendered":"http:\/\/stage.riadlaterrassedesoliviers.com\/?page_id=102"},"modified":"2022-07-11T01:59:19","modified_gmt":"2022-07-10T23:59:19","slug":"infos-pratiques","status":"publish","type":"page","link":"https:\/\/stage.riadlaterrassedesoliviers.com\/en\/infos-pratiques\/","title":{"rendered":"Infos pratiques"},"content":{"rendered":"\n<hr class=\"wp-block-separator has-alpha-channel-opacity\"\/>\n\n\n\n<h3>Entr\u00e9e au Maroc<\/h3>\n\n\n\n<p>Pour entrer au Maroc un passeport en cours de validit\u00e9 est n\u00e9cessaire. Les cartes d\u2019identit\u00e9 ne sont pas accept\u00e9es.<\/p>\n\n\n\n<p>Certains ressortissants \u00e9trangers sont soumis \u00e0 un visa ou \u00e0 une autorisation de voyage vers le Maroc, veuillez vous renseigner aupr\u00e8s de la repr\u00e9sentation Marocain la plus proche.<\/p>\n\n\n\n<p>En raison de la pand\u00e9mie Sars Covid19, veuillez vous informer des conditions \u00e0 remplir pour entrer au Maroc (celles-ci sont susceptibles d\u2019\u00eatre r\u00e9guli\u00e8rement modifi\u00e9es).<\/p>\n\n\n\n<p>Attention: Les drones sont interdits au Maroc et peuvent \u00eatre confisqu\u00e9s \u00e0 l\u2019arriv\u00e9e.<\/p>\n\n\n\n<hr class=\"wp-block-separator has-alpha-channel-opacity\"\/>\n\n\n\n<h3>Monnaie<\/h3>\n\n\n\n<p>La monnaie en vigueur au Maroc est le dirham (MAD). Il n\u2019est pas possible d\u2019en trouver \u00e0 l\u2019ext\u00e9rieur du pays sauf rares exceptions. Ainsi vous devrez changer vos devises une fois sur le territoire Marocain. Attention, les offices de changes pr\u00e9sents dans les a\u00e9roports marocains n\u2019offrent pas le meilleur taux.<br>Si vous d\u00e9sirez changer le solde de vos dirhams \u00e0 la fin de votre s\u00e9jour, vous devez \u00eatre en possession du re\u00e7u obtenu lors du change de vos devises en dirhams.<\/p>\n\n\n\n<p>Il y a des distributeurs de billets partout dans le pays dans lesquelles vous pouvez utiliser vos cartes bancaires ou cartes de cr\u00e9dit afin de retirer des esp\u00e8ces.<\/p>\n\n\n\n<p>Il n\u2019est pas autoris\u00e9 de sortir plus que l\u2019\u00e9quivalent de 10\u2019000 dirhams en devises lorsque vous quittez le territoire marocain. Vous ne pouvez en principe pas sortir des dirhams du pays.<\/p>\n\n\n\n<hr class=\"wp-block-separator has-alpha-channel-opacity\"\/>\n\n\n\n<h3>Islam et f\u00eates religieuses<\/h3>\n\n\n\n<p>L\u2019islam est pr\u00e9pond\u00e9rant au Maroc et r\u00e8gle l\u2019ensemble de la vie des Marocains.<\/p>\n\n\n\n<p>Le Maroc pratique un islam tol\u00e9rant ne n\u00e9cessitant pas de prendre de pr\u00e9cautions particuli\u00e8res. Toutefois, il est bien (mais pas obligatoire) de respecter certaines pratiques comme par exemple, ne pas s\u2019embrasser dans l\u2019espace public et pour les femmes, se couvrir les \u00e9paules et les genoux.<\/p>\n\n\n\n<p>Pendant la p\u00e9riode de Ramadan, tous les commerces, administrations, restaurants, etc. sont ouverts. Ainsi il n\u2019est pas n\u00e9cessaire d\u2019\u00e9viter cette p\u00e9riode pour voyager au Maroc. Par contre, la vie en journ\u00e9e est ralentie et aucun marocain ne fumera, boira ou mangera durant la journ\u00e9e.<\/p>\n\n\n\n<p>L\u2019Aid El Kebir est la f\u00eate la plus importante du calendrier musulman et a lieu 70 jours apr\u00e8s la fin du mois de Ramadan. Cette f\u00eate dure 3 jours pendant laquelle la majorit\u00e9 des commerces sont ferm\u00e9s. Certains commerces resteront ferm\u00e9s jusqu\u2019\u00e0 4 semaines.<\/p>\n\n\n\n<hr class=\"wp-block-separator has-alpha-channel-opacity\"\/>\n\n\n\n<h3>M\u00e9t\u00e9o<\/h3>\n\n\n\n<p>Marrakech est une ville ou il peut faire tr\u00e8s chaud en juillet et en ao\u00fbt, jusqu\u2019\u00e0 50 degr\u00e9s Celsius certaines ann\u00e9es. Toutefois, c\u2019est une r\u00e9gion s\u00e8che o\u00f9 les temp\u00e9ratures \u00e9lev\u00e9es sont supportables.<\/p>\n\n\n\n<p>Les mois les plus froids de l\u2019ann\u00e9e sont les mois de d\u00e9cembre et de janvier, en moyenne 5 degr\u00e9s Celsius durant la nuit, mais entre 12 et 18 degr\u00e9s Celsius en journ\u00e9e.<\/p>\n\n\n\n<p>Les meilleures p\u00e9riodes pour voyager \u00e0 Marrakech sont les mois d\u2019automne (septembre, octobre et novembre) et les mois de printemps (mars, avril et mai).<br>Il pleut de plus en plus rarement \u00e0 Marrakech. L\u2019eau deviendra un r\u00e9el probl\u00e8me dans les d\u00e9cennies \u00e0 venir. Il arrive toutefois qu\u2019il y ait de grandes pluies pendant plusieurs jours d\u2019affil\u00e9s, mais cela reste relativement rare.<\/p>\n\n\n\n<hr class=\"wp-block-separator has-alpha-channel-opacity\"\/>\n\n\n\n<h3>S\u00e9curit\u00e9<\/h3>\n\n\n\n<p>Les forces de police, que ce soit en civil ou en uniforme, sont omnipr\u00e9sentes au Maroc et sont d\u2019une grande efficacit\u00e9.<\/p>\n\n\n\n<p>Toutefois, comme partout dans le monde le risque z\u00e9ro n\u2019existe pas. Pickpocket et vol \u00e0 l\u2019arrach\u00e9 peuvent survenir, principalement sur les axes et lieux fortement fr\u00e9quent\u00e9s.<\/p>\n\n\n\n<p>Le Maroc est intransigeant avec l\u2019extr\u00e9misme religieux. Ainsi les organisations extr\u00e9mistes n\u2019ont jamais r\u00e9ussi \u00e0 s\u2019implanter dans le pays.<\/p>\n\n\n\n<hr class=\"wp-block-separator has-alpha-channel-opacity\"\/>\n\n\n\n<a href=\"\/contact\"  class=\"button-block  align-center\" style=\"\">\n\tContact<\/a>\n","protected":false},"excerpt":{"rendered":"<p>Entr\u00e9e au Maroc Pour entrer au Maroc un passeport en cours de validit\u00e9 est n\u00e9cessaire. Les cartes d\u2019identit\u00e9 ne sont pas accept\u00e9es. Certains ressortissants \u00e9trangers sont soumis \u00e0 un visa ou \u00e0 une autorisation de voyage vers le Maroc, veuillez vous renseigner aupr\u00e8s de la repr\u00e9sentation Marocain la plus proche. En raison de la pand\u00e9mie [&hellip;]<\/p>\n","protected":false},"author":1,"featured_media":0,"parent":0,"menu_order":0,"comment_status":"closed","ping_status":"closed","template":"","meta":[],"acf":[],"_links":{"self":[{"href":"https:\/\/stage.riadlaterrassedesoliviers.com\/en\/wp-json\/wp\/v2\/pages\/102"}],"collection":[{"href":"https:\/\/stage.riadlaterrassedesoliviers.com\/en\/wp-json\/wp\/v2\/pages"}],"about":[{"href":"https:\/\/stage.riadlaterrassedesoliviers.com\/en\/wp-json\/wp\/v2\/types\/page"}],"author":[{"embeddable":true,"href":"https:\/\/stage.riadlaterrassedesoliviers.com\/en\/wp-json\/wp\/v2\/users\/1"}],"replies":[{"embeddable":true,"href":"https:\/\/stage.riadlaterrassedesoliviers.com\/en\/wp-json\/wp\/v2\/comments?post=102"}],"version-history":[{"count":2,"href":"https:\/\/stage.riadlaterrassedesoliviers.com\/en\/wp-json\/wp\/v2\/pages\/102\/revisions"}],"predecessor-version":[{"id":104,"href":"https:\/\/stage.riadlaterrassedesoliviers.com\/en\/wp-json\/wp\/v2\/pages\/102\/revisions\/104"}],"wp:attachment":[{"href":"https:\/\/stage.riadlaterrassedesoliviers.com\/en\/wp-json\/wp\/v2\/media?parent=102"}],"curies":[{"name":"wp","href":"https:\/\/api.w.org\/{rel}","templated":true}]}}