{"id":90,"date":"2022-07-11T00:17:38","date_gmt":"2022-07-10T22:17:38","guid":{"rendered":"http:\/\/stage.riadlaterrassedesoliviers.com\/?page_id=90"},"modified":"2022-07-11T01:45:59","modified_gmt":"2022-07-10T23:45:59","slug":"demande-doffre","status":"publish","type":"page","link":"https:\/\/stage.riadlaterrassedesoliviers.com\/en\/demande-doffre\/","title":{"rendered":"Demande d&#8217;offre"},"content":{"rendered":"<div class=\"everest-forms\"><div class=\"evf-container default\" id=\"evf-89\"><form id=\"evf-form-89\" class=\"everest-form\" data-formid=\"89\" data-ajax_submission=\"0\" data-keyboard_friendly_form=\"0\" method=\"post\" enctype=\"multipart\/form-data\" action=\"\/en\/wp-json\/wp\/v2\/pages\/90\"><div class=\"evf-field-container\"><input type=\"hidden\" id=\"_wpnonce89\" name=\"_wpnonce89\" value=\"4cf8172a08\" \/><input type=\"hidden\" name=\"_wp_http_referer\" value=\"\/en\/wp-json\/wp\/v2\/pages\/90\" \/><div class=\"evf-frontend-row\" data-row=\"row_2\" conditional_rules=\"[]\"><div class=\"evf-frontend-grid evf-grid-1\" data-grid=\"grid_1\"><div id=\"evf-89-field_YOqNeJsWrQ-11-container\" class=\"evf-field evf-field-html form-row\" data-field-id=\"YOqNeJsWrQ-11\"><div id=\"evf-89-field_YOqNeJsWrQ-11\" class=\"input-text\" conditional_id=\"YOqNeJsWrQ-11\"><h3>Informations de contacts<\/h3><\/div><\/div><div id=\"evf-89-field_c7mUoTCfZm-4-container\" class=\"evf-field evf-field-text form-row\" data-field-id=\"c7mUoTCfZm-4\"><label class=\"evf-field-label\" for=\"evf-89-field_c7mUoTCfZm-4\"><span class=\"evf-label\">Titre<\/span> <\/label><input type=\"text\" id=\"evf-89-field_c7mUoTCfZm-4\" class=\"input-text\" name=\"everest_forms[form_fields][c7mUoTCfZm-4]\" conditional_id=\"c7mUoTCfZm-4\" ><\/div><div id=\"evf-89-field_OUs95dOsH3-3-container\" class=\"evf-field evf-field-last-name form-row validate-required\" data-required-field-message=\"This field is required.\" data-field-id=\"OUs95dOsH3-3\"><label class=\"evf-field-label\" for=\"evf-89-field_OUs95dOsH3-3\"><span class=\"evf-label\">Nom<\/span> <abbr class=\"required\" title=\"Required\">*<\/abbr><\/label><input type=\"text\" id=\"evf-89-field_OUs95dOsH3-3\" class=\"input-text\" name=\"everest_forms[form_fields][OUs95dOsH3-3]\" conditional_id=\"OUs95dOsH3-3\" required><\/div><div id=\"evf-89-field_2REJB9v0oZ-2-container\" class=\"evf-field evf-field-first-name form-row validate-required\" data-required-field-message=\"This field is required.\" data-field-id=\"2REJB9v0oZ-2\"><label class=\"evf-field-label\" for=\"evf-89-field_2REJB9v0oZ-2\"><span class=\"evf-label\">Pr\u00e9nom<\/span> <abbr class=\"required\" title=\"Required\">*<\/abbr><\/label><input type=\"text\" id=\"evf-89-field_2REJB9v0oZ-2\" class=\"input-text\" name=\"everest_forms[form_fields][2REJB9v0oZ-2]\" conditional_id=\"2REJB9v0oZ-2\" required><\/div><div id=\"evf-89-field_yV9blwMY89-5-container\" class=\"evf-field evf-field-text form-row\" data-field-id=\"yV9blwMY89-5\"><label class=\"evf-field-label\" for=\"evf-89-field_yV9blwMY89-5\"><span class=\"evf-label\">T\u00e9l\u00e9phone<\/span> <\/label><input type=\"text\" id=\"evf-89-field_yV9blwMY89-5\" class=\"input-text\" name=\"everest_forms[form_fields][yV9blwMY89-5]\" conditional_id=\"yV9blwMY89-5\" ><\/div><div id=\"evf-89-field_tOq2orxuHX-6-container\" class=\"evf-field evf-field-email form-row validate-required validate-email\" data-required-field-message=\"Please enter a valid email address.\" data-field-id=\"tOq2orxuHX-6\"><label class=\"evf-field-label\" for=\"evf-89-field_tOq2orxuHX-6\"><span class=\"evf-label\">Email<\/span> <abbr class=\"required\" title=\"Required\">*<\/abbr><\/label><input type=\"email\" id=\"evf-89-field_tOq2orxuHX-6\" class=\"input-text\" name=\"everest_forms[form_fields][tOq2orxuHX-6]\" conditional_id=\"tOq2orxuHX-6\" required ><\/div><div id=\"evf-89-field_4IJsIQiu0Z-8-container\" class=\"evf-field evf-field-text form-row\" data-field-id=\"4IJsIQiu0Z-8\"><label class=\"evf-field-label\" for=\"evf-89-field_4IJsIQiu0Z-8\"><span class=\"evf-label\">Code Postal<\/span> <\/label><input type=\"text\" id=\"evf-89-field_4IJsIQiu0Z-8\" class=\"input-text\" name=\"everest_forms[form_fields][4IJsIQiu0Z-8]\" conditional_id=\"4IJsIQiu0Z-8\" ><\/div><div id=\"evf-89-field_0CFuRoixxL-7-container\" class=\"evf-field evf-field-text form-row\" data-field-id=\"0CFuRoixxL-7\"><label class=\"evf-field-label\" for=\"evf-89-field_0CFuRoixxL-7\"><span class=\"evf-label\">Ville<\/span> <\/label><input type=\"text\" id=\"evf-89-field_0CFuRoixxL-7\" class=\"input-text\" name=\"everest_forms[form_fields][0CFuRoixxL-7]\" conditional_id=\"0CFuRoixxL-7\" ><\/div><div id=\"evf-89-field_fhNtOjjWCr-9-container\" class=\"evf-field evf-field-text form-row\" data-field-id=\"fhNtOjjWCr-9\"><label class=\"evf-field-label\" for=\"evf-89-field_fhNtOjjWCr-9\"><span class=\"evf-label\">Pays<\/span> <\/label><input type=\"text\" id=\"evf-89-field_fhNtOjjWCr-9\" class=\"input-text\" name=\"everest_forms[form_fields][fhNtOjjWCr-9]\" conditional_id=\"fhNtOjjWCr-9\" ><\/div><\/div><\/div><div class=\"evf-frontend-row\" data-row=\"row_3\" conditional_rules=\"[]\"><div class=\"evf-frontend-grid evf-grid-1\" data-grid=\"grid_1\"><div id=\"evf-89-field_4v6JPSAn3I-12-container\" class=\"evf-field evf-field-html form-row\" data-field-id=\"4v6JPSAn3I-12\"><div id=\"evf-89-field_4v6JPSAn3I-12\" class=\"input-text\" conditional_id=\"4v6JPSAn3I-12\"><h3>Chambres<\/h3><\/div><\/div><div id=\"evf-89-field_pSjFpZo9fv-15-container\" class=\"evf-field evf-field-checkbox form-row\" data-field-id=\"pSjFpZo9fv-15\"><ul id=\"evf-89-field_pSjFpZo9fv-15\"><li class=\"choice-1 depth-1\"><input type=\"checkbox\" id=\"evf-89-field_pSjFpZo9fv-15_1\" class=\"input-text\" name=\"everest_forms[form_fields][pSjFpZo9fv-15][]\" value=\"Raha\" conditional_id=\"pSjFpZo9fv-15\"  ><label class=\"everest-forms-field-label-inline\" for=\"evf-89-field_pSjFpZo9fv-15_1\">Raha<\/label><\/li><li class=\"choice-2 depth-1\"><input type=\"checkbox\" id=\"evf-89-field_pSjFpZo9fv-15_2\" class=\"input-text\" name=\"everest_forms[form_fields][pSjFpZo9fv-15][]\" value=\"Salam\" conditional_id=\"pSjFpZo9fv-15\"  ><label class=\"everest-forms-field-label-inline\" for=\"evf-89-field_pSjFpZo9fv-15_2\">Salam<\/label><\/li><li class=\"choice-7 depth-1\"><input type=\"checkbox\" id=\"evf-89-field_pSjFpZo9fv-15_7\" class=\"input-text\" name=\"everest_forms[form_fields][pSjFpZo9fv-15][]\" value=\"Riad en exclusivit\u00e9\" conditional_id=\"pSjFpZo9fv-15\"  ><label class=\"everest-forms-field-label-inline\" for=\"evf-89-field_pSjFpZo9fv-15_7\">Riad en exclusivit\u00e9<\/label><\/li><li class=\"choice-3 depth-1\"><input type=\"checkbox\" id=\"evf-89-field_pSjFpZo9fv-15_3\" class=\"input-text\" name=\"everest_forms[form_fields][pSjFpZo9fv-15][]\" value=\"Hana\" conditional_id=\"pSjFpZo9fv-15\"  ><label class=\"everest-forms-field-label-inline\" for=\"evf-89-field_pSjFpZo9fv-15_3\">Hana<\/label><\/li><li class=\"choice-4 depth-1\"><input type=\"checkbox\" id=\"evf-89-field_pSjFpZo9fv-15_4\" class=\"input-text\" name=\"everest_forms[form_fields][pSjFpZo9fv-15][]\" value=\"Sakina\" conditional_id=\"pSjFpZo9fv-15\"  ><label class=\"everest-forms-field-label-inline\" for=\"evf-89-field_pSjFpZo9fv-15_4\">Sakina<\/label><\/li><li class=\"choice-8 depth-1\"><input type=\"checkbox\" id=\"evf-89-field_pSjFpZo9fv-15_8\" class=\"input-text\" name=\"everest_forms[form_fields][pSjFpZo9fv-15][]\" value=\"N&#039;importe laquelle\" conditional_id=\"pSjFpZo9fv-15\"  ><label class=\"everest-forms-field-label-inline\" for=\"evf-89-field_pSjFpZo9fv-15_8\">N'importe laquelle<\/label><\/li><li class=\"choice-5 depth-1\"><input type=\"checkbox\" id=\"evf-89-field_pSjFpZo9fv-15_5\" class=\"input-text\" name=\"everest_forms[form_fields][pSjFpZo9fv-15][]\" value=\"Safa\" conditional_id=\"pSjFpZo9fv-15\"  ><label class=\"everest-forms-field-label-inline\" for=\"evf-89-field_pSjFpZo9fv-15_5\">Safa<\/label><\/li><li class=\"choice-6 depth-1\"><input type=\"checkbox\" id=\"evf-89-field_pSjFpZo9fv-15_6\" class=\"input-text\" name=\"everest_forms[form_fields][pSjFpZo9fv-15][]\" value=\"Halaoua\" conditional_id=\"pSjFpZo9fv-15\"  ><label class=\"everest-forms-field-label-inline\" for=\"evf-89-field_pSjFpZo9fv-15_6\">Halaoua<\/label><\/li><\/ul><\/div><\/div><\/div><div class=\"evf-frontend-row\" data-row=\"row_4\" conditional_rules=\"[]\"><div class=\"evf-frontend-grid evf-grid-1\" data-grid=\"grid_1\"><div id=\"evf-89-field_omisyDZNGx-16-container\" class=\"evf-field evf-field-html form-row\" data-field-id=\"omisyDZNGx-16\"><div id=\"evf-89-field_omisyDZNGx-16\" class=\"input-text\" conditional_id=\"omisyDZNGx-16\"><h3>Nombre de personnes<\/h3><\/div><\/div><div id=\"evf-89-field_wz8xGWaZUe-17-container\" class=\"evf-field evf-field-text form-row validate-required\" data-required-field-message=\"This field is required.\" data-field-id=\"wz8xGWaZUe-17\"><label class=\"evf-field-label\" for=\"evf-89-field_wz8xGWaZUe-17\"><span class=\"evf-label\">Adulte(s)<\/span> <abbr class=\"required\" title=\"Required\">*<\/abbr><\/label><input type=\"text\" id=\"evf-89-field_wz8xGWaZUe-17\" class=\"input-text\" name=\"everest_forms[form_fields][wz8xGWaZUe-17]\" value=\"0\" conditional_id=\"wz8xGWaZUe-17\" required><\/div><div id=\"evf-89-field_0ZnzrEAPyP-18-container\" class=\"evf-field evf-field-text form-row\" data-field-id=\"0ZnzrEAPyP-18\"><label class=\"evf-field-label\" for=\"evf-89-field_0ZnzrEAPyP-18\"><span class=\"evf-label\">Enfant(s) - de 12 ans<\/span> <\/label><input type=\"text\" id=\"evf-89-field_0ZnzrEAPyP-18\" class=\"input-text\" name=\"everest_forms[form_fields][0ZnzrEAPyP-18]\" value=\"0\" conditional_id=\"0ZnzrEAPyP-18\" ><\/div><div id=\"evf-89-field_Cr1bOmEHwe-19-container\" class=\"evf-field evf-field-checkbox form-row\" data-field-id=\"Cr1bOmEHwe-19\"><ul id=\"evf-89-field_Cr1bOmEHwe-19\"><li class=\"choice-1 depth-1\"><input type=\"checkbox\" id=\"evf-89-field_Cr1bOmEHwe-19_1\" class=\"input-text\" name=\"everest_forms[form_fields][Cr1bOmEHwe-19][]\" value=\"Lit pour b\u00e9b\u00e9\" conditional_id=\"Cr1bOmEHwe-19\"  ><label class=\"everest-forms-field-label-inline\" for=\"evf-89-field_Cr1bOmEHwe-19_1\">Lit pour b\u00e9b\u00e9<\/label><\/li><\/ul><\/div><\/div><\/div><div class=\"evf-frontend-row\" data-row=\"row_5\" conditional_rules=\"[]\"><div class=\"evf-frontend-grid evf-grid-1\" data-grid=\"grid_1\"><div id=\"evf-89-field_i8JMGaN1lG-22-container\" class=\"evf-field evf-field-html form-row\" data-field-id=\"i8JMGaN1lG-22\"><div id=\"evf-89-field_i8JMGaN1lG-22\" class=\"input-text\" conditional_id=\"i8JMGaN1lG-22\"><h3>Dates<\/h3><\/div><\/div><div id=\"evf-89-field_RrcOQIPKIS-20-container\" class=\"evf-field evf-field-date-time form-row validate-required\" data-required-field-message=\"This field is required.\" data-field-id=\"RrcOQIPKIS-20\"><label class=\"evf-field-label\" for=\"evf-89-field_RrcOQIPKIS-20\"><span class=\"evf-label\">Arriv\u00e9es<\/span> <abbr class=\"required\" title=\"Required\">*<\/abbr><\/label><input type=\"text\" id=\"evf-89-field_RrcOQIPKIS-20\" class=\"flatpickr-field input-text\" name=\"everest_forms[form_fields][RrcOQIPKIS-20]\" data-time-interval=\"15\" data-date-time=\"date\" data-mode=\"single\" data-locale=\"fr\" data-date-format=\"d\/m\/Y\" data-past-disable-date=\"2026-04-25\" conditional_id=\"RrcOQIPKIS-20\" required ><\/div><div id=\"evf-89-field_KSV122F78C-21-container\" class=\"evf-field evf-field-date-time form-row validate-required\" data-required-field-message=\"This field is required.\" data-field-id=\"KSV122F78C-21\"><label class=\"evf-field-label\" for=\"evf-89-field_KSV122F78C-21\"><span class=\"evf-label\">D\u00e9part<\/span> <abbr class=\"required\" title=\"Required\">*<\/abbr><\/label><input type=\"text\" id=\"evf-89-field_KSV122F78C-21\" class=\"flatpickr-field input-text\" name=\"everest_forms[form_fields][KSV122F78C-21]\" data-time-interval=\"15\" data-date-time=\"date\" data-mode=\"single\" data-locale=\"fr\" data-date-format=\"d\/m\/Y\" data-past-disable-date=\"2026-04-25\" conditional_id=\"KSV122F78C-21\" required ><\/div><\/div><\/div><div class=\"evf-frontend-row\" data-row=\"row_6\" conditional_rules=\"[]\"><div class=\"evf-frontend-grid evf-grid-1\" data-grid=\"grid_1\"><div id=\"evf-89-field_3UttQhTSV8-23-container\" class=\"evf-field evf-field-html form-row\" data-field-id=\"3UttQhTSV8-23\"><div id=\"evf-89-field_3UttQhTSV8-23\" class=\"input-text\" conditional_id=\"3UttQhTSV8-23\"><h3>Message<\/h3><\/div><\/div><div id=\"evf-89-field_coxNjEdzOI-24-container\" class=\"evf-field evf-field-textarea form-row\" data-field-id=\"coxNjEdzOI-24\"><textarea id=\"evf-89-field_coxNjEdzOI-24\" class=\"input-text\" name=\"everest_forms[form_fields][coxNjEdzOI-24]\" conditional_id=\"coxNjEdzOI-24\"  ><\/textarea><\/div><\/div><\/div><div class=\"evf-frontend-row\" data-row=\"row_7\" conditional_rules=\"[]\"><div class=\"evf-frontend-grid evf-grid-1\" data-grid=\"grid_1\"><div id=\"evf-89-field_NOiceuzK9h-27-container\" class=\"evf-field evf-field-html form-row\" data-field-id=\"NOiceuzK9h-27\"><div id=\"evf-89-field_NOiceuzK9h-27\" class=\"input-text\" conditional_id=\"NOiceuzK9h-27\"><hr \/><\/div><\/div><div id=\"evf-89-field_bl3hEfh12H-25-container\" class=\"evf-field evf-field-privacy-policy form-row validate-required\" data-required-field-message=\"This field is required.\" data-field-id=\"bl3hEfh12H-25\"><input type=\"checkbox\" value=\"J&#039;ai pris connaissance des [ conditions g\u00e9n\u00e9rales](?page_id=78)\" id=\"evf-89-field_bl3hEfh12H-25\" class=\"input-text\" name=\"everest_forms[form_fields][bl3hEfh12H-25]\" conditional_id=\"bl3hEfh12H-25\" required \/><label class=\"evf-privacy-policy-consent-message\" for=\"evf-89-field_bl3hEfh12H-25\">J&#039;ai pris connaissance des <a data-page-id=\"78\" target=\"_blank\" rel=\"noopener noreferrer nofollow\" href=\"https:\/\/stage.riadlaterrassedesoliviers.com\/en\/conditions-generales\/\" class=\" evf-privacy-policy-local-page-link\">conditions g\u00e9n\u00e9rales<\/a><\/label><div class=\"evf-privacy-policy-local-page-contents\"><div class=\"evf-privacy-policy-local-page-content evf-privacy-policy-local-page-content-78\" hidden><!-- wp:separator -->\n<hr class=\"wp-block-separator has-alpha-channel-opacity\"\/>\n<!-- \/wp:separator -->\n\n<!-- wp:heading {\"level\":3} -->\n<h3>Politique tarifaire<\/h3>\n<!-- \/wp:heading -->\n\n<!-- wp:paragraph -->\n<p>Les prix sont bas\u00e9s pour une occupation de 2 personnes par chambre.<\/p>\n<!-- \/wp:paragraph -->\n\n<!-- wp:paragraph -->\n<p>Les prix comprennent le logement, les petits-d\u00e9jeuners, l\u2019eau min\u00e9rale, le caf\u00e9, le th\u00e9 marocain et le WIFI.<\/p>\n<!-- \/wp:paragraph -->\n\n<!-- wp:paragraph -->\n<p>Les prix ne comprennent pas les taxes de s\u00e9jour de 2.50 euros par nuit et par adulte.<\/p>\n<!-- \/wp:paragraph -->\n\n<!-- wp:paragraph -->\n<p>Certaines chambres permettent de loger un troisi\u00e8me et un quatri\u00e8me adulte sur des canap\u00e9s convertibles pour un suppl\u00e9ment de 15 euros par nuit par lit suppl\u00e9mentaire.<\/p>\n<!-- \/wp:paragraph -->\n\n<!-- wp:separator -->\n<hr class=\"wp-block-separator has-alpha-channel-opacity\"\/>\n<!-- \/wp:separator -->\n\n<!-- wp:heading {\"level\":3} -->\n<h3>Enfants<\/h3>\n<!-- \/wp:heading -->\n\n<!-- wp:paragraph -->\n<p>Les enfants sont les bienvenus.<\/p>\n<!-- \/wp:paragraph -->\n\n<!-- wp:paragraph -->\n<p>\u00c0 partir de 12 ans, les enfants sont consid\u00e9r\u00e9s comme des adultes.<br>Les enfants de 11 ans et moins logent gratuitement dans la chambre des parents.<\/p>\n<!-- \/wp:paragraph -->\n\n<!-- wp:paragraph -->\n<p>Des lits pour b\u00e9b\u00e9s sont gracieusement mis \u00e0 disposition selon disponibilit\u00e9s.<\/p>\n<!-- \/wp:paragraph -->\n\n<!-- wp:separator -->\n<hr class=\"wp-block-separator has-alpha-channel-opacity\"\/>\n<!-- \/wp:separator -->\n\n<!-- wp:heading {\"level\":3} -->\n<h3>Check-in et check-out<\/h3>\n<!-- \/wp:heading -->\n\n<!-- wp:paragraph -->\n<p>Le check-in est possible 24\/24. Toutefois, si la chambre est occup\u00e9e par de pr\u00e9c\u00e9dents voyageurs, le check-in ne peut avoir lieu avant 13h00.<\/p>\n<!-- \/wp:paragraph -->\n\n<!-- wp:paragraph -->\n<p>Le check-out a lieu \u00e0 10h00 au plus tard (sauf si la chambre est libre apr\u00e8s vous).<\/p>\n<!-- \/wp:paragraph -->\n\n<!-- wp:separator -->\n<hr class=\"wp-block-separator has-alpha-channel-opacity\"\/>\n<!-- \/wp:separator -->\n\n<!-- wp:heading {\"level\":3} -->\n<h3>Paiement<\/h3>\n<!-- \/wp:heading -->\n\n<!-- wp:paragraph -->\n<p>Nous acceptons VISA, Master Card ainsi que la plupart des cartes de d\u00e9bit. Nous n\u2019acceptons pas AMEX.<\/p>\n<!-- \/wp:paragraph -->\n\n<!-- wp:paragraph -->\n<p>Une r\u00e9duction est offerte en cas de paiement en esp\u00e8ces (sur le prix du logement uniquement et hors taxes de s\u00e9jour).<\/p>\n<!-- \/wp:paragraph -->\n\n<!-- wp:separator -->\n<hr class=\"wp-block-separator has-alpha-channel-opacity\"\/>\n<!-- \/wp:separator -->\n\n<!-- wp:heading {\"level\":3} -->\n<h3>Divers<\/h3>\n<!-- \/wp:heading -->\n\n<!-- wp:paragraph -->\n<p>Les animaux de compagnie de petite taille sont accept\u00e9s sur demande.<\/p>\n<!-- \/wp:paragraph -->\n\n<!-- wp:separator -->\n<hr class=\"wp-block-separator has-alpha-channel-opacity\"\/>\n<!-- \/wp:separator -->\n\n<!-- wp:heading {\"level\":4} -->\n<h4>R\u00e9servation<\/h4>\n<!-- \/wp:heading -->\n\n<!-- wp:paragraph -->\n<p>Afin de garantir votre r\u00e9servation, un acompte de 30% du montant total du s\u00e9jour (hors taxes de s\u00e9jour) est demand\u00e9. Cet acompte peut \u00eatre pay\u00e9 par virement bancaire ou par une autorisation de d\u00e9bit de carte de cr\u00e9dit.<br>Rien ne sera d\u00e9bit\u00e9 de la carte de cr\u00e9dit sauf en cas d\u2019annulation tardive (en dessous de la p\u00e9riode d\u2019annulation sans frais) ou de non-pr\u00e9sentation.<\/p>\n<!-- \/wp:paragraph -->\n\n<!-- wp:heading {\"level\":4} -->\n<h4>Annulation<\/h4>\n<!-- \/wp:heading -->\n\n<!-- wp:paragraph -->\n<p>Une annulation faite plus de 15 jours avant l\u2019arriv\u00e9e entraine le remboursement int\u00e9gral de l\u2019acompte vers\u00e9 ou la destruction des informations de carte de cr\u00e9dit sans aucun d\u00e9bit.<\/p>\n<!-- \/wp:paragraph -->\n\n<!-- wp:paragraph -->\n<p>Une annulation tardive (pendant la p\u00e9riode de 15 jours pr\u00e9c\u00e9dant l\u2019arriv\u00e9e) entraine l\u2019encaissement de 30% du montant total du s\u00e9jour par d\u00e9bit de la carte de cr\u00e9dit ou en conservant l\u2019acompte de r\u00e9servation.<br>Une non-pr\u00e9sentation entraine l\u2019encaissement de 100% du montant total du s\u00e9jour.<\/p>\n<!-- \/wp:paragraph -->\n\n<!-- wp:paragraph -->\n<p>Les cas de forces majeures (fermeture de fronti\u00e8re, maladie, etc.) entrainent le remboursement int\u00e9gral de l\u2019acompte ou la destruction des informations de carte de cr\u00e9dit sans aucun d\u00e9bit.<\/p>\n<!-- \/wp:paragraph -->\n\n<!-- wp:separator -->\n<hr class=\"wp-block-separator has-alpha-channel-opacity\"\/>\n<!-- \/wp:separator -->\n\n<!-- wp:blocksbox\/button {\"content\":\"Contact\",\"link\":\"\/contact\",\"align\":\"center\"} \/--><\/div><\/div><\/div><\/div><\/div><\/div><div class=\"evf-honeypot-container evf-field-hp\"><label for=\"evf-89-field-hp\" class=\"evf-field-label\">Message<\/label><input type=\"text\" name=\"everest_forms[hp]\" id=\"evf-89-field-hp\" class=\"input-text\"><\/div><div class=\"evf-submit-container \" ><input type=\"hidden\" name=\"everest_forms[id]\" value=\"89\"><input type=\"hidden\" name=\"everest_forms[author]\" value=\"1\"><button type='submit' name='everest_forms[submit]' class='everest-forms-submit-button button evf-submit ' id='evf-submit-89' value='evf-submit' data-process-text=\"Envoi en cours...\" conditional_rules='&quot;&quot;' conditional_id='evf-submit-89'  id=\"evf-submit-89\" aria-live=\"assertive\">Envoyer<\/button><\/div><\/form><\/div><!-- .evf-container --><\/div>\n","protected":false},"excerpt":{"rendered":"","protected":false},"author":1,"featured_media":0,"parent":0,"menu_order":0,"comment_status":"closed","ping_status":"closed","template":"","meta":[],"acf":[],"_links":{"self":[{"href":"https:\/\/stage.riadlaterrassedesoliviers.com\/en\/wp-json\/wp\/v2\/pages\/90"}],"collection":[{"href":"https:\/\/stage.riadlaterrassedesoliviers.com\/en\/wp-json\/wp\/v2\/pages"}],"about":[{"href":"https:\/\/stage.riadlaterrassedesoliviers.com\/en\/wp-json\/wp\/v2\/types\/page"}],"author":[{"embeddable":true,"href":"https:\/\/stage.riadlaterrassedesoliviers.com\/en\/wp-json\/wp\/v2\/users\/1"}],"replies":[{"embeddable":true,"href":"https:\/\/stage.riadlaterrassedesoliviers.com\/en\/wp-json\/wp\/v2\/comments?post=90"}],"version-history":[{"count":2,"href":"https:\/\/stage.riadlaterrassedesoliviers.com\/en\/wp-json\/wp\/v2\/pages\/90\/revisions"}],"predecessor-version":[{"id":93,"href":"https:\/\/stage.riadlaterrassedesoliviers.com\/en\/wp-json\/wp\/v2\/pages\/90\/revisions\/93"}],"wp:attachment":[{"href":"https:\/\/stage.riadlaterrassedesoliviers.com\/en\/wp-json\/wp\/v2\/media?parent=90"}],"curies":[{"name":"wp","href":"https:\/\/api.w.org\/{rel}","templated":true}]}}